{"id":8959,"date":"2022-06-20T11:38:22","date_gmt":"2022-06-20T11:38:22","guid":{"rendered":"https:\/\/www.supportlaserostop.net\/agregar-centro\/"},"modified":"2022-12-14T05:09:28","modified_gmt":"2022-12-14T05:09:28","slug":"agregar-centro","status":"publish","type":"page","link":"https:\/\/www.supportlaserostop.net\/es\/agregar-centro\/","title":{"rendered":"Conexi\u00f3n"},"content":{"rendered":"\t\t<div data-elementor-type=\"wp-page\" data-elementor-id=\"8959\" class=\"elementor elementor-8959 elementor-8473\" data-elementor-post-type=\"page\">\n\t\t\t\t\t\t<section class=\"elementor-section elementor-top-section elementor-element elementor-element-6c804a9 elementor-section-boxed elementor-section-height-default elementor-section-height-default\" data-id=\"6c804a9\" data-element_type=\"section\" data-e-type=\"section\" data-settings=\"{&quot;background_background&quot;:&quot;classic&quot;}\">\n\t\t\t\t\t\t<div class=\"elementor-container elementor-column-gap-extended\">\n\t\t\t\t\t<div class=\"elementor-column elementor-col-100 elementor-top-column elementor-element elementor-element-448c040\" data-id=\"448c040\" data-element_type=\"column\" data-e-type=\"column\" data-settings=\"{&quot;background_background&quot;:&quot;classic&quot;}\">\n\t\t\t<div class=\"elementor-widget-wrap elementor-element-populated\">\n\t\t\t\t\t\t<div class=\"elementor-element elementor-element-a39d4a5 elementor-widget elementor-widget-spacer\" data-id=\"a39d4a5\" data-element_type=\"widget\" data-e-type=\"widget\" data-widget_type=\"spacer.default\">\n\t\t\t\t<div class=\"elementor-widget-container\">\n\t\t\t\t\t\t\t<div class=\"elementor-spacer\">\n\t\t\t<div class=\"elementor-spacer-inner\"><\/div>\n\t\t<\/div>\n\t\t\t\t\t\t<\/div>\n\t\t\t\t<\/div>\n\t\t\t\t<div class=\"elementor-element elementor-element-286c30d elementor-widget elementor-widget-heading\" data-id=\"286c30d\" data-element_type=\"widget\" data-e-type=\"widget\" data-widget_type=\"heading.default\">\n\t\t\t\t<div class=\"elementor-widget-container\">\n\t\t\t\t\t<h2 class=\"elementor-heading-title elementor-size-default\">Iniciar sesi\u00f3n en el Centro de ayuda<\/h2>\t\t\t\t<\/div>\n\t\t\t\t<\/div>\n\t\t\t\t<div class=\"elementor-element elementor-element-b50d7eb elementor-widget elementor-widget-image\" data-id=\"b50d7eb\" data-element_type=\"widget\" data-e-type=\"widget\" data-widget_type=\"image.default\">\n\t\t\t\t<div class=\"elementor-widget-container\">\n\t\t\t\t\t\t\t\t\t\t\t\t\t\t\t\t<a href=\"https:\/\/www.supportlaserostop.net\/es\/\">\n\t\t\t\t\t\t\t<img fetchpriority=\"high\" decoding=\"async\" width=\"5000\" height=\"1273\" src=\"https:\/\/www.supportlaserostop.net\/wp-content\/uploads\/2022\/04\/logolaserostop-blue.png\" class=\"attachment-full size-full wp-image-8901\" alt=\"\" srcset=\"https:\/\/www.supportlaserostop.net\/wp-content\/uploads\/2022\/04\/logolaserostop-blue.png 5000w, https:\/\/www.supportlaserostop.net\/wp-content\/uploads\/2022\/04\/logolaserostop-blue-300x76.png 300w, https:\/\/www.supportlaserostop.net\/wp-content\/uploads\/2022\/04\/logolaserostop-blue-1024x261.png 1024w, https:\/\/www.supportlaserostop.net\/wp-content\/uploads\/2022\/04\/logolaserostop-blue-768x196.png 768w, https:\/\/www.supportlaserostop.net\/wp-content\/uploads\/2022\/04\/logolaserostop-blue-1536x391.png 1536w, https:\/\/www.supportlaserostop.net\/wp-content\/uploads\/2022\/04\/logolaserostop-blue-2048x521.png 2048w\" sizes=\"(max-width: 5000px) 100vw, 5000px\" \/>\t\t\t\t\t\t\t\t<\/a>\n\t\t\t\t\t\t\t\t\t\t\t\t\t\t\t<\/div>\n\t\t\t\t<\/div>\n\t\t\t\t<div class=\"elementor-element elementor-element-fb93b43 elementor-widget elementor-widget-heading\" data-id=\"fb93b43\" data-element_type=\"widget\" data-e-type=\"widget\" data-widget_type=\"heading.default\">\n\t\t\t\t<div class=\"elementor-widget-container\">\n\t\t\t\t\t<p class=\"elementor-heading-title elementor-size-default\">Para acceder a la informaci\u00f3n de ayuda en l\u00ednea de laserOstop para franquiciados, inicie sesi\u00f3n.<\/p>\t\t\t\t<\/div>\n\t\t\t\t<\/div>\n\t\t\t\t<div class=\"elementor-element elementor-element-5262983 elementor-button-align-stretch elementor-widget elementor-widget-login\" data-id=\"5262983\" data-element_type=\"widget\" data-e-type=\"widget\" data-widget_type=\"login.default\">\n\t\t\t\t<div class=\"elementor-widget-container\">\n\t\t\t\t\t\t\t<form class=\"elementor-login elementor-form\" method=\"post\" action=\"https:\/\/www.supportlaserostop.net\/es\/wp-login.php\" aria-label=\"Fromulario de login\">\n\t\t\t<input type=\"hidden\" name=\"redirect_to\" value=\"https:\/\/www.supportlaserostop.net\/es\/\">\n\t\t\t<div class=\"elementor-form-fields-wrapper\">\n\t\t\t\t<div class=\"elementor-field-type-text elementor-field-group elementor-column elementor-col-100 elementor-field-required\">\n\t\t\t\t\t<label for=\"user-5262983\" class=\"elementor-field-label\">Direcci\u00f3n de correo electr\u00f3nico<\/label>\n\t\t\t\t\t<input size=\"1\" type=\"text\" name=\"log\" id=\"user-5262983\" placeholder=\"\" class=\"elementor-field elementor-field-textual elementor-size-sm\">\n\t\t\t\t<\/div>\n\t\t\t\t<div class=\"elementor-field-type-text elementor-field-group elementor-column elementor-col-100 elementor-field-required\">\n\t\t\t\t\t<label for=\"password-5262983\" class=\"elementor-field-label\">Contrase\u00f1a<\/label>\n\t\t\t\t\t<input size=\"1\" type=\"password\" name=\"pwd\" id=\"password-5262983\" placeholder=\"\" class=\"elementor-field elementor-field-textual elementor-size-sm\">\n\t\t\t\t<\/div>\n\n\t\t\t\t\t\t\t\t\t<div class=\"elementor-field-type-checkbox elementor-field-group elementor-column elementor-col-100 elementor-remember-me\">\n\t\t\t\t\t\t<label for=\"elementor-login-remember-me\">\n\t\t\t\t\t\t\t<input type=\"checkbox\" id=\"elementor-login-remember-me\" name=\"rememberme\" value=\"forever\">\n\t\t\t\t\t\t\tRecu\u00e9rdame\t\t\t\t\t\t<\/label>\n\t\t\t\t\t<\/div>\n\t\t\t\t\n\t\t\t\t<div class=\"elementor-field-group elementor-column elementor-field-type-submit elementor-col-100\">\n\t\t\t\t\t<button type=\"submit\" class=\"elementor-size-md elementor-button\" name=\"wp-submit\">\n\t\t\t\t\t\t\t\t\t\t\t\t\t\t\t<span class=\"elementor-button-text\">Conectarse<\/span>\n\t\t\t\t\t\t\t\t\t\t\t\t<\/button>\n\t\t\t\t<\/div>\n\n\t\t\t\t\t\t\t\t\t<div class=\"elementor-field-group elementor-column elementor-col-100\">\n\t\t\t\t\t\t\t\t\t\t\t\t\t\t\t\t\t\t\t\t<a class=\"elementor-lost-password\" href=\"https:\/\/www.supportlaserostop.net\/es\/wp-login.php?action=lostpassword&redirect_to=https%3A%2F%2Fwww.supportlaserostop.net%2Fes%2F\">\n\t\t\t\t\t\t\t\t\u00bfOlvid\u00f3 su contrase\u00f1a?\t\t\t\t\t\t\t<\/a>\n\t\t\t\t\t\t\n\t\t\t\t\t\t\t\t\t\t\t<\/div>\n\t\t\t\t\t\t\t<\/div>\n\t\t<\/form>\n\t\t\t\t\t\t<\/div>\n\t\t\t\t<\/div>\n\t\t\t\t<div class=\"elementor-element elementor-element-e37522f elementor-widget elementor-widget-spacer\" data-id=\"e37522f\" data-element_type=\"widget\" data-e-type=\"widget\" data-widget_type=\"spacer.default\">\n\t\t\t\t<div class=\"elementor-widget-container\">\n\t\t\t\t\t\t\t<div class=\"elementor-spacer\">\n\t\t\t<div class=\"elementor-spacer-inner\"><\/div>\n\t\t<\/div>\n\t\t\t\t\t\t<\/div>\n\t\t\t\t<\/div>\n\t\t\t\t\t<\/div>\n\t\t<\/div>\n\t\t\t\t\t<\/div>\n\t\t<\/section>\n\t\t\t\t<\/div>\n\t\t","protected":false},"excerpt":{"rendered":"<p>Iniciar sesi\u00f3n en el Centro de ayuda Para acceder a la informaci\u00f3n de ayuda en l\u00ednea de laserOstop para franquiciados, inicie sesi\u00f3n.<\/p>\n","protected":false},"author":1,"featured_media":0,"parent":0,"menu_order":0,"comment_status":"closed","ping_status":"closed","template":"elementor_header_footer","meta":{"footnotes":""},"class_list":["post-8959","page","type-page","status-publish","hentry"],"_links":{"self":[{"href":"https:\/\/www.supportlaserostop.net\/es\/wp-json\/wp\/v2\/pages\/8959","targetHints":{"allow":["GET"]}}],"collection":[{"href":"https:\/\/www.supportlaserostop.net\/es\/wp-json\/wp\/v2\/pages"}],"about":[{"href":"https:\/\/www.supportlaserostop.net\/es\/wp-json\/wp\/v2\/types\/page"}],"author":[{"embeddable":true,"href":"https:\/\/www.supportlaserostop.net\/es\/wp-json\/wp\/v2\/users\/1"}],"replies":[{"embeddable":true,"href":"https:\/\/www.supportlaserostop.net\/es\/wp-json\/wp\/v2\/comments?post=8959"}],"version-history":[{"count":5,"href":"https:\/\/www.supportlaserostop.net\/es\/wp-json\/wp\/v2\/pages\/8959\/revisions"}],"predecessor-version":[{"id":14756,"href":"https:\/\/www.supportlaserostop.net\/es\/wp-json\/wp\/v2\/pages\/8959\/revisions\/14756"}],"wp:attachment":[{"href":"https:\/\/www.supportlaserostop.net\/es\/wp-json\/wp\/v2\/media?parent=8959"}],"curies":[{"name":"wp","href":"https:\/\/api.w.org\/{rel}","templated":true}]}}